{"id":28,"date":"2024-04-10T14:39:11","date_gmt":"2024-04-10T14:39:11","guid":{"rendered":"http:\/\/fadacomarca.com.ar\/sitio\/?page_id=28"},"modified":"2024-04-25T01:08:29","modified_gmt":"2024-04-25T01:08:29","slug":"formas-de-pago","status":"publish","type":"page","link":"https:\/\/fadacomarca.com.ar\/sitio\/formas-de-pago\/","title":{"rendered":"FORMAS DE PAGO"},"content":{"rendered":"\n<p><\/p>\n\n\n\n<div class=\"wp-block-group\"><div class=\"wp-block-group__inner-container is-layout-flow wp-block-group-is-layout-flow\">\n<p class=\"has-ast-global-color-8-color has-text-color has-medium-font-size\"><strong>MERCADOPAGO<\/strong><\/p>\n\n\n\n<div class=\"wp-block-group has-ast-global-color-4-color has-cyan-bluish-gray-background-color has-text-color has-background\" style=\"border-radius:13px;padding-top:20px;padding-right:20px;padding-bottom:20px;padding-left:20px\"><div class=\"wp-block-group__inner-container is-layout-flow wp-block-group-is-layout-flow\">\n<p class=\"has-ast-global-color-6-color has-text-color\" style=\"font-size:18px\">En el mail de confirmaci\u00f3n que le llegar\u00e1 luego de completar el formulario tendr\u00e1 el acceso directo al link de pago, con la posibilidad de pagar con tarjetas de cr\u00e9dito y en cuotas o mediante transferencia al alias fadamercadopago<\/p>\n<\/div><\/div>\n\n\n\n<p class=\"has-ast-global-color-8-color has-white-background-color has-text-color has-background\"><\/p>\n\n\n\n<p class=\"has-ast-global-color-8-color has-text-color has-medium-font-size\"><strong>TRANSFERENCIA BANCARIA<\/strong><\/p>\n<\/div><\/div>\n\n\n\n<div class=\"wp-block-group has-ast-global-color-4-color has-cyan-bluish-gray-background-color has-text-color has-background\" style=\"border-radius:13px;padding-top:20px;padding-right:20px;padding-bottom:20px;padding-left:20px\"><div class=\"wp-block-group__inner-container is-layout-flow wp-block-group-is-layout-flow\">\n<p class=\"has-ast-global-color-6-color has-text-color\" style=\"font-size:18px\">Banco Santander<br>N\u00famero de cuenta cte Pesos: 314-002973\/3<br>CBU: 0720314320000000297336<br>Alias: fadasantander<\/p>\n<\/div><\/div>\n\n\n\n<p><\/p>\n\n\n\n<p><\/p>\n\n\n\n<div class=\"wp-block-group has-ast-global-color-4-color has-luminous-vivid-orange-background-color has-text-color has-background\" style=\"border-radius:13px;padding-top:20px;padding-right:20px;padding-bottom:20px;padding-left:20px\"><div class=\"wp-block-group__inner-container is-layout-flow wp-block-group-is-layout-flow\">\n<p class=\"has-ast-global-color-6-color has-text-color\" style=\"font-size:18px\">Recuerde que inmediatamente luego de realizar el pago, deber\u00e1 enviar el comprobante por whatsapp al 2920 64-8572 o por mail a pagos@fadacomarca.com.ar<\/p>\n<\/div><\/div>\n","protected":false},"excerpt":{"rendered":"<p>MERCADOPAGO En el mail de confirmaci\u00f3n que le llegar\u00e1 luego de completar el formulario tendr\u00e1 el acceso directo al link de pago, con la posibilidad de pagar con tarjetas de cr\u00e9dito y en cuotas o mediante transferencia al alias fadamercadopago TRANSFERENCIA BANCARIA Banco SantanderN\u00famero de cuenta cte Pesos: 314-002973\/3CBU: 0720314320000000297336Alias: fadasantander Recuerde que inmediatamente luego [&hellip;]<\/p>\n","protected":false},"author":2,"featured_media":0,"parent":0,"menu_order":0,"comment_status":"closed","ping_status":"closed","template":"","meta":{"footnotes":""},"class_list":["post-28","page","type-page","status-publish","hentry"],"_links":{"self":[{"href":"https:\/\/fadacomarca.com.ar\/sitio\/wp-json\/wp\/v2\/pages\/28","targetHints":{"allow":["GET"]}}],"collection":[{"href":"https:\/\/fadacomarca.com.ar\/sitio\/wp-json\/wp\/v2\/pages"}],"about":[{"href":"https:\/\/fadacomarca.com.ar\/sitio\/wp-json\/wp\/v2\/types\/page"}],"author":[{"embeddable":true,"href":"https:\/\/fadacomarca.com.ar\/sitio\/wp-json\/wp\/v2\/users\/2"}],"replies":[{"embeddable":true,"href":"https:\/\/fadacomarca.com.ar\/sitio\/wp-json\/wp\/v2\/comments?post=28"}],"version-history":[{"count":10,"href":"https:\/\/fadacomarca.com.ar\/sitio\/wp-json\/wp\/v2\/pages\/28\/revisions"}],"predecessor-version":[{"id":103,"href":"https:\/\/fadacomarca.com.ar\/sitio\/wp-json\/wp\/v2\/pages\/28\/revisions\/103"}],"wp:attachment":[{"href":"https:\/\/fadacomarca.com.ar\/sitio\/wp-json\/wp\/v2\/media?parent=28"}],"curies":[{"name":"wp","href":"https:\/\/api.w.org\/{rel}","templated":true}]}}